{"id":8437,"date":"2021-11-24T10:43:03","date_gmt":"2021-11-24T10:43:03","guid":{"rendered":"https:\/\/birdie-elektromosauto.hu\/?post_type=product&#038;p=8437"},"modified":"2026-02-24T17:31:30","modified_gmt":"2026-02-24T17:31:30","slug":"birdie-m-1000","status":"publish","type":"product","link":"https:\/\/birdiecar.com\/hu\/termek\/birdie-m-1000\/","title":{"rendered":"Birdie Truck 1000"},"content":{"rendered":"","protected":false},"excerpt":{"rendered":"<p>A Birdie Truck 1000 egy 2 szem\u00e9ly sz\u00e1ll\u00edt\u00e1s\u00e1ra alkalmas, strapab\u00edr\u00f3 elektromos haszonj\u00e1rm\u0171. Az utasok sz\u00e1m\u00e1ra biztons\u00e1gos \u00e9s k\u00e9nyelmes utaz\u00e1st biztos\u00edt, mik\u00f6zben id\u0151t \u00e9s energi\u00e1t takar\u00edt meg, mindezt term\u00e9szetesen k\u00f6rnyezetbar\u00e1t m\u00f3don. Kiv\u00e1l\u00f3an alkalmazkodik olyan feladatokhoz, ahol nagyobb j\u00e1rm\u0171veknek neh\u00e9zs\u00e9geik lehetnek az akad\u00e1lymentes halad\u00e1s \u00e9s a man\u0151verez\u00e9s ter\u00e9n. Felhaszn\u00e1l\u00e1si ter\u00fclett\u0151l f\u00fcgg\u0151en megk\u00f6nny\u00edtheti a munkafolyamatokat haszn\u00e1l\u00f3inak, \u00e9s jelent\u0151sen cs\u00f6kkentheti a feladatok idej\u00e9t. A Birdie j\u00e1rm\u0171vek kompakt m\u00e9ret\u00fck, alacsony kibocs\u00e1t\u00e1suk \u00e9s hat\u00e9kony transzferkapacit\u00e1suk miatt hozz\u00e1j\u00e1rulnak a k\u00f6zleked\u00e9si dug\u00f3k cs\u00f6kkent\u00e9s\u00e9hez zs\u00fafolt ter\u00fcleteken, vagy ak\u00e1r t\u00f6megrendezv\u00e9nyeken.<\/p>\n","protected":false},"featured_media":12794,"template":"","meta":[],"product_brand":[],"product_cat":[333,321],"product_tag":[334,336,317,403,331],"class_list":{"0":"post-8437","1":"product","2":"type-product","3":"status-publish","4":"has-post-thumbnail","6":"product_cat-termek","7":"product_cat-teherszallito_jarmuvek","8":"product_tag-birdie-truck","9":"product_tag-hutheto-golf","10":"product_tag-lenyithato-plato","11":"product_tag-litium_akkumulator","12":"product_tag-praktikus","14":"first","15":"instock","16":"shipping-taxable","17":"product-type-simple"},"acf":[],"_links":{"self":[{"href":"https:\/\/birdiecar.com\/hu\/wp-json\/wp\/v2\/product\/8437","targetHints":{"allow":["GET"]}}],"collection":[{"href":"https:\/\/birdiecar.com\/hu\/wp-json\/wp\/v2\/product"}],"about":[{"href":"https:\/\/birdiecar.com\/hu\/wp-json\/wp\/v2\/types\/product"}],"wp:featuredmedia":[{"embeddable":true,"href":"https:\/\/birdiecar.com\/hu\/wp-json\/wp\/v2\/media\/12794"}],"wp:attachment":[{"href":"https:\/\/birdiecar.com\/hu\/wp-json\/wp\/v2\/media?parent=8437"}],"wp:term":[{"taxonomy":"product_brand","embeddable":true,"href":"https:\/\/birdiecar.com\/hu\/wp-json\/wp\/v2\/product_brand?post=8437"},{"taxonomy":"product_cat","embeddable":true,"href":"https:\/\/birdiecar.com\/hu\/wp-json\/wp\/v2\/product_cat?post=8437"},{"taxonomy":"product_tag","embeddable":true,"href":"https:\/\/birdiecar.com\/hu\/wp-json\/wp\/v2\/product_tag?post=8437"}],"curies":[{"name":"wp","href":"https:\/\/api.w.org\/{rel}","templated":true}]}}