{"id":7124,"date":"2020-06-16T09:34:27","date_gmt":"2020-06-16T09:34:27","guid":{"rendered":"https:\/\/birdie-elektromosauto.hu\/product\/import-placeholder-for-6374\/"},"modified":"2026-02-24T17:27:53","modified_gmt":"2026-02-24T17:27:53","slug":"birdie-car-go-xl-explorer","status":"publish","type":"product","link":"https:\/\/birdiecar.com\/hu\/termek\/birdie-car-go-xl-explorer\/","title":{"rendered":"Birdie Car-GO XL Explorer"},"content":{"rendered":"","protected":false},"excerpt":{"rendered":"<p>A Birdie Car-GO XL Explorer egyszerre tartalmazza a hossz\u00edtott plat\u00f3s Birdie Car-GO XL \u00e9s az off-road kialak\u00edt\u00e1s\u00fa Birdie Explorer sz\u00e9ria legjobb tulajdons\u00e1gait. \u00dagy lett tervezve, hogy k\u00f6nnyed\u00e9n k\u00f6zlekedjen sz\u0171k terekben \u00e9s kis \u00f6sv\u00e9nyeken, vagy ak\u00e1r ki\u00e9p\u00edtetlen utakon is, \u00edgy kiv\u00e1l\u00f3an alkalmazkodik olyan feladatokhoz, ahol nagyobb j\u00e1rm\u0171veknek neh\u00e9zs\u00e9geik lehetnek a man\u0151verez\u00e9s ter\u00e9n. Ez k\u00fcl\u00f6n\u00f6sen hasznos lehet zs\u00fafolt vagy korl\u00e1tozott munkak\u00f6rnyezetekben. Azon teend\u0151k eset\u00e9n, melyek sor\u00e1n eszk\u00f6z\u00f6ket, felszerel\u00e9seket vagy anyagokat kell sz\u00e1ll\u00edtani egy viszonylag kis ter\u00fcleten bel\u00fcl, egy golfkocsi, amely rendelkezik nagyobb teherkapacit\u00e1ssal \u00e9s kiv\u00e1l\u00f3 sz\u00e1ll\u00edt\u00f3k\u00e9pess\u00e9ggel, sokkal hat\u00e9konyabb lehet, mint nagyobb j\u00e1rm\u0171vek haszn\u00e1lata. Ez cs\u00f6kkenti a sz\u00fcks\u00e9gess\u00e9get, hogy ide-oda kelljen s\u00e9t\u00e1lni, id\u0151t \u00e9s energi\u00e1t takar\u00edtva meg, mik\u00f6zben nagyobb mennyis\u00e9g\u0171 terhet lehet sz\u00e1ll\u00edtani. Megemelt hasmagass\u00e1ga lehet\u0151v\u00e9 teszi, hogy t\u00f6bbf\u00e9le ter\u00fclet \u00e9s terep saj\u00e1toss\u00e1gaihoz alkalmazkodjon. T\u00f6k\u00e9letes v\u00e1laszt\u00e1s ak\u00e1r term\u00e9szet uralta k\u00f6rnyezetben, ak\u00e1r folyamatban lev\u0151 \u00e9p\u00edtkez\u00e9sek ter\u00fclet\u00e9n.<\/p>\n","protected":false},"featured_media":14602,"template":"","meta":[],"product_brand":[],"product_cat":[333,132],"product_tag":[326,335,315,325,403],"class_list":{"0":"post-7124","1":"product","2":"type-product","3":"status-publish","4":"has-post-thumbnail","6":"product_cat-termek","7":"product_cat-platos_golfkocsik","8":"product_tag-billentheto-plato","9":"product_tag-cargoxl","10":"product_tag-konnyu-kezelhetoseg","11":"product_tag-led-vilagitas-golf","12":"product_tag-litium_akkumulator","14":"first","15":"instock","16":"shipping-taxable","17":"product-type-simple"},"acf":[],"_links":{"self":[{"href":"https:\/\/birdiecar.com\/hu\/wp-json\/wp\/v2\/product\/7124","targetHints":{"allow":["GET"]}}],"collection":[{"href":"https:\/\/birdiecar.com\/hu\/wp-json\/wp\/v2\/product"}],"about":[{"href":"https:\/\/birdiecar.com\/hu\/wp-json\/wp\/v2\/types\/product"}],"wp:featuredmedia":[{"embeddable":true,"href":"https:\/\/birdiecar.com\/hu\/wp-json\/wp\/v2\/media\/14602"}],"wp:attachment":[{"href":"https:\/\/birdiecar.com\/hu\/wp-json\/wp\/v2\/media?parent=7124"}],"wp:term":[{"taxonomy":"product_brand","embeddable":true,"href":"https:\/\/birdiecar.com\/hu\/wp-json\/wp\/v2\/product_brand?post=7124"},{"taxonomy":"product_cat","embeddable":true,"href":"https:\/\/birdiecar.com\/hu\/wp-json\/wp\/v2\/product_cat?post=7124"},{"taxonomy":"product_tag","embeddable":true,"href":"https:\/\/birdiecar.com\/hu\/wp-json\/wp\/v2\/product_tag?post=7124"}],"curies":[{"name":"wp","href":"https:\/\/api.w.org\/{rel}","templated":true}]}}