{"id":16143,"date":"2022-07-27T07:43:18","date_gmt":"2022-07-27T07:43:18","guid":{"rendered":"https:\/\/birdiecar.com\/koszonjuk\/"},"modified":"2024-04-25T07:30:03","modified_gmt":"2024-04-25T07:30:03","slug":"thankyou","status":"publish","type":"page","link":"https:\/\/birdiecar.com\/en\/thankyou\/","title":{"rendered":"Thankyou"},"content":{"rendered":"\n<p>K\u00f6sz\u00f6nj\u00fck az \u00fczeneted. Hamarosan v\u00e1laszolni fogunk.<\/p>\n","protected":false},"excerpt":{"rendered":"<p>K\u00f6sz\u00f6nj\u00fck az \u00fczeneted. Hamarosan v\u00e1laszolni fogunk.<\/p>\n","protected":false},"author":1,"featured_media":0,"parent":0,"menu_order":0,"comment_status":"closed","ping_status":"closed","template":"page-koszonjuk.php","meta":{"footnotes":""},"class_list":["post-16143","page","type-page","status-publish","hentry"],"acf":[],"_links":{"self":[{"href":"https:\/\/birdiecar.com\/en\/wp-json\/wp\/v2\/pages\/16143","targetHints":{"allow":["GET"]}}],"collection":[{"href":"https:\/\/birdiecar.com\/en\/wp-json\/wp\/v2\/pages"}],"about":[{"href":"https:\/\/birdiecar.com\/en\/wp-json\/wp\/v2\/types\/page"}],"author":[{"embeddable":true,"href":"https:\/\/birdiecar.com\/en\/wp-json\/wp\/v2\/users\/1"}],"replies":[{"embeddable":true,"href":"https:\/\/birdiecar.com\/en\/wp-json\/wp\/v2\/comments?post=16143"}],"version-history":[{"count":1,"href":"https:\/\/birdiecar.com\/en\/wp-json\/wp\/v2\/pages\/16143\/revisions"}],"predecessor-version":[{"id":16146,"href":"https:\/\/birdiecar.com\/en\/wp-json\/wp\/v2\/pages\/16143\/revisions\/16146"}],"wp:attachment":[{"href":"https:\/\/birdiecar.com\/en\/wp-json\/wp\/v2\/media?parent=16143"}],"curies":[{"name":"wp","href":"https:\/\/api.w.org\/{rel}","templated":true}]}}