{"id":11632,"date":"2020-06-16T09:34:05","date_gmt":"2020-06-16T09:34:05","guid":{"rendered":"https:\/\/birdie-elektromosauto.hu\/product\/bc-m4cargo\/"},"modified":"2025-03-19T13:40:35","modified_gmt":"2025-03-19T13:40:35","slug":"birdie-car-go-4","status":"publish","type":"product","link":"https:\/\/birdiecar.com\/de\/produkt\/birdie-car-go-4\/","title":{"rendered":"Birdie Car-GO 4"},"content":{"rendered":"","protected":false},"excerpt":{"rendered":"<p>\u00c4hnlich wie das Birdie Car-GO wurde auch das Birdie Car-GO 4 entwickelt, um enge R\u00e4ume und schmale Wege zu befahren, was es hervorragend f\u00fcr Aufgaben in Bereichen macht, in denen gr\u00f6\u00dfere Fahrzeuge m\u00f6glicherweise Schwierigkeiten haben zu man\u00f6vrieren, weil sie zu gro\u00df sind. Dies kann besonders n\u00fctzlich in \u00fcberf\u00fcllten oder begrenzten Arbeitsumgebungen sein, zus\u00e4tzlich hat es zwei weitere Sitze. F\u00fcr Aufgaben, die den Transport von Werkzeugen, Ausr\u00fcstung oder Materialien in einem relativ kleinen Bereich erfordern, kann ein Golfwagen mit einer Ladefl\u00e4che viel effizienter sein als der Einsatz gr\u00f6\u00dferer Fahrzeuge. Dies reduziert die Notwendigkeit, hin und her zu fahren und spart Zeit und Energie.<\/p>\n","protected":false},"featured_media":13309,"template":"","meta":[],"product_brand":[],"product_cat":[369,263],"product_tag":[344,349,358,353,352],"class_list":{"0":"post-11632","1":"product","2":"type-product","3":"status-publish","4":"has-post-thumbnail","6":"product_cat-produkt","7":"product_cat-pritschenwagen","8":"product_tag-billentheto-plato-de","9":"product_tag-birdie-car-go-de","10":"product_tag-cargo-de","11":"product_tag-konnyu-kezelhetoseg-de","12":"product_tag-led-vilagitas-golf-de","14":"first","15":"instock","16":"shipping-taxable","17":"product-type-simple"},"acf":[],"_links":{"self":[{"href":"https:\/\/birdiecar.com\/de\/wp-json\/wp\/v2\/product\/11632","targetHints":{"allow":["GET"]}}],"collection":[{"href":"https:\/\/birdiecar.com\/de\/wp-json\/wp\/v2\/product"}],"about":[{"href":"https:\/\/birdiecar.com\/de\/wp-json\/wp\/v2\/types\/product"}],"wp:featuredmedia":[{"embeddable":true,"href":"https:\/\/birdiecar.com\/de\/wp-json\/wp\/v2\/media\/13309"}],"wp:attachment":[{"href":"https:\/\/birdiecar.com\/de\/wp-json\/wp\/v2\/media?parent=11632"}],"wp:term":[{"taxonomy":"product_brand","embeddable":true,"href":"https:\/\/birdiecar.com\/de\/wp-json\/wp\/v2\/product_brand?post=11632"},{"taxonomy":"product_cat","embeddable":true,"href":"https:\/\/birdiecar.com\/de\/wp-json\/wp\/v2\/product_cat?post=11632"},{"taxonomy":"product_tag","embeddable":true,"href":"https:\/\/birdiecar.com\/de\/wp-json\/wp\/v2\/product_tag?post=11632"}],"curies":[{"name":"wp","href":"https:\/\/api.w.org\/{rel}","templated":true}]}}