{"id":11629,"date":"2020-06-16T09:34:04","date_gmt":"2020-06-16T09:34:04","guid":{"rendered":"https:\/\/birdie-elektromosauto.hu\/product\/bc-mb14\/"},"modified":"2025-03-19T13:41:19","modified_gmt":"2025-03-19T13:41:19","slug":"birdie-joyride-14-plus","status":"publish","type":"product","link":"https:\/\/birdiecar.com\/de\/produkt\/birdie-joyride-14-plus\/","title":{"rendered":"Birdie Joyride 14+"},"content":{"rendered":"","protected":false},"excerpt":{"rendered":"<p>Der Birdie Joyride 14+ ist eine Touristenattraktion, die darauf ausgelegt ist, Besucher bequem und unterhaltsam durch die Stadt oder eine bestimmte Region zu f\u00fchren und ihnen die Erkundung wichtiger Sehensw\u00fcrdigkeiten und Attraktionen zu erm\u00f6glichen. Sein geschlossener Fahrgastraum bietet Schutz selbst bei extremen Wetterbedingungen. Diese Busse verkehren in der Regel auf leicht zug\u00e4nglichen Strecken, die zu den wichtigsten Sehensw\u00fcrdigkeiten der Stadt f\u00fchren, die oft von gr\u00f6\u00dferen Fahrzeugen nicht erreichbar sind. F\u00fcr diejenigen, die keine langen Spazierg\u00e4nge unternehmen m\u00f6chten oder eingeschr\u00e4nkte Mobilit\u00e4t haben, kann Birdie Joyride eine ausgezeichnete M\u00f6glichkeit sein, die Stadt zu entdecken. Dar\u00fcber hinaus bietet es in Arbeitsumgebungen, die gr\u00f6\u00dfere Fl\u00e4chen abdecken, wie Logistikzentren oder Nationalparks, eine wirtschaftliche, effiziente und umweltfreundliche L\u00f6sung f\u00fcr den Transport von Mitarbeitern.<\/p>\n<p>&nbsp;<\/p>\n","protected":false},"featured_media":14488,"template":"","meta":[],"product_brand":[],"product_cat":[369,246],"product_tag":[345,361,346,362,363],"class_list":{"0":"post-11629","1":"product","2":"type-product","3":"status-publish","4":"has-post-thumbnail","6":"product_cat-produkt","7":"product_cat-elektrobus","8":"product_tag-egyszeru-toeltes","9":"product_tag-hutheto-de","10":"product_tag-joyride-de","11":"product_tag-kenyelmes-uelesek","12":"product_tag-led-vilagitas-de","14":"first","15":"instock","16":"shipping-taxable","17":"product-type-simple"},"acf":[],"_links":{"self":[{"href":"https:\/\/birdiecar.com\/de\/wp-json\/wp\/v2\/product\/11629","targetHints":{"allow":["GET"]}}],"collection":[{"href":"https:\/\/birdiecar.com\/de\/wp-json\/wp\/v2\/product"}],"about":[{"href":"https:\/\/birdiecar.com\/de\/wp-json\/wp\/v2\/types\/product"}],"wp:featuredmedia":[{"embeddable":true,"href":"https:\/\/birdiecar.com\/de\/wp-json\/wp\/v2\/media\/14488"}],"wp:attachment":[{"href":"https:\/\/birdiecar.com\/de\/wp-json\/wp\/v2\/media?parent=11629"}],"wp:term":[{"taxonomy":"product_brand","embeddable":true,"href":"https:\/\/birdiecar.com\/de\/wp-json\/wp\/v2\/product_brand?post=11629"},{"taxonomy":"product_cat","embeddable":true,"href":"https:\/\/birdiecar.com\/de\/wp-json\/wp\/v2\/product_cat?post=11629"},{"taxonomy":"product_tag","embeddable":true,"href":"https:\/\/birdiecar.com\/de\/wp-json\/wp\/v2\/product_tag?post=11629"}],"curies":[{"name":"wp","href":"https:\/\/api.w.org\/{rel}","templated":true}]}}