{"id":11581,"date":"2020-06-16T09:34:27","date_gmt":"2020-06-16T09:34:27","guid":{"rendered":"https:\/\/birdie-elektromosauto.hu\/product\/bc-mh2cargo\/"},"modified":"2025-03-19T13:33:55","modified_gmt":"2025-03-19T13:33:55","slug":"birdie-car-go-explorer","status":"publish","type":"product","link":"https:\/\/birdiecar.com\/de\/produkt\/birdie-car-go-explorer\/","title":{"rendered":"Birdie Car-GO Explorer"},"content":{"rendered":"","protected":false},"excerpt":{"rendered":"<p>Das Birdie CAR-GO Explorer wurde speziell entwickelt, um problemlos enge R\u00e4ume und schmale Wege zu befahren, selbst auf unbefestigten Stra\u00dfen. Die erh\u00f6hte Bodenfreiheit erm\u00f6glicht es, sich den Gegebenheiten verschiedener Gel\u00e4nde und Gebiete anzupassen. F\u00fcr Aufgaben, die den Transport von Werkzeugen, Ausr\u00fcstung oder Materialien in einem relativ kleinen Bereich erfordern, kann ein Golfwagen mit gr\u00f6\u00dferer Ladekapazit\u00e4t und ausgezeichneter Transportf\u00e4higkeit viel effizienter sein als der Einsatz gr\u00f6\u00dferer Fahrzeuge. Es ist die ideale Wahl f\u00fcr naturbelassene Umgebungen oder laufende Baustellen.<\/p>\n","protected":false},"featured_media":14579,"template":"","meta":[],"product_brand":[],"product_cat":[369,263],"product_tag":[344,349,358,353,352],"class_list":{"0":"post-11581","1":"product","2":"type-product","3":"status-publish","4":"has-post-thumbnail","6":"product_cat-produkt","7":"product_cat-pritschenwagen","8":"product_tag-billentheto-plato-de","9":"product_tag-birdie-car-go-de","10":"product_tag-cargo-de","11":"product_tag-konnyu-kezelhetoseg-de","12":"product_tag-led-vilagitas-golf-de","14":"first","15":"instock","16":"shipping-taxable","17":"product-type-simple"},"acf":[],"_links":{"self":[{"href":"https:\/\/birdiecar.com\/de\/wp-json\/wp\/v2\/product\/11581","targetHints":{"allow":["GET"]}}],"collection":[{"href":"https:\/\/birdiecar.com\/de\/wp-json\/wp\/v2\/product"}],"about":[{"href":"https:\/\/birdiecar.com\/de\/wp-json\/wp\/v2\/types\/product"}],"wp:featuredmedia":[{"embeddable":true,"href":"https:\/\/birdiecar.com\/de\/wp-json\/wp\/v2\/media\/14579"}],"wp:attachment":[{"href":"https:\/\/birdiecar.com\/de\/wp-json\/wp\/v2\/media?parent=11581"}],"wp:term":[{"taxonomy":"product_brand","embeddable":true,"href":"https:\/\/birdiecar.com\/de\/wp-json\/wp\/v2\/product_brand?post=11581"},{"taxonomy":"product_cat","embeddable":true,"href":"https:\/\/birdiecar.com\/de\/wp-json\/wp\/v2\/product_cat?post=11581"},{"taxonomy":"product_tag","embeddable":true,"href":"https:\/\/birdiecar.com\/de\/wp-json\/wp\/v2\/product_tag?post=11581"}],"curies":[{"name":"wp","href":"https:\/\/api.w.org\/{rel}","templated":true}]}}